{"id":249,"date":"2021-07-21T02:14:26","date_gmt":"2021-07-21T02:14:26","guid":{"rendered":"https:\/\/fabiogonzalezproductions.com\/?page_id=249"},"modified":"2022-03-10T22:32:30","modified_gmt":"2022-03-10T22:32:30","slug":"photo-booth","status":"publish","type":"page","link":"https:\/\/fabiogonzalezproductions.com\/es\/photo-booth\/","title":{"rendered":"Cabina de fotos"},"content":{"rendered":"<div data-elementor-type=\"wp-page\" data-elementor-id=\"249\" class=\"elementor elementor-249\" data-elementor-settings=\"[]\">\n\t\t\t\t\t\t<div class=\"elementor-inner\">\n\t\t\t\t\t\t\t<div class=\"elementor-section-wrap\">\n\t\t\t\t\t\t\t<section class=\"elementor-section elementor-top-section elementor-element elementor-element-13bf3fe elementor-section-boxed elementor-section-height-default elementor-section-height-default\" data-id=\"13bf3fe\" data-element_type=\"section\" data-settings=\"{&quot;background_background&quot;:&quot;classic&quot;}\">\n\t\t\t\t\t\t<div class=\"elementor-container elementor-column-gap-default\">\n\t\t\t\t\t\t\t<div class=\"elementor-row\">\n\t\t\t\t\t<div class=\"elementor-column elementor-col-100 elementor-top-column elementor-element elementor-element-58a018a\" data-id=\"58a018a\" data-element_type=\"column\">\n\t\t\t<div class=\"elementor-column-wrap elementor-element-populated\">\n\t\t\t\t\t\t\t<div class=\"elementor-widget-wrap\">\n\t\t\t\t\t\t<div class=\"elementor-element elementor-element-4145081 elementor-widget elementor-widget-heading\" data-id=\"4145081\" data-element_type=\"widget\" data-widget_type=\"heading.default\">\n\t\t\t\t<div class=\"elementor-widget-container\">\n\t\t\t<h2 class=\"elementor-heading-title elementor-size-default\">Cabina de fotos<\/h2>\t\t<\/div>\n\t\t\t\t<\/div>\n\t\t\t\t\t\t<\/div>\n\t\t\t\t\t<\/div>\n\t\t<\/div>\n\t\t\t\t\t\t\t\t<\/div>\n\t\t\t\t\t<\/div>\n\t\t<\/section>\n\t\t\t\t<section class=\"elementor-section elementor-top-section elementor-element elementor-element-a21551d elementor-section-boxed elementor-section-height-default elementor-section-height-default\" data-id=\"a21551d\" data-element_type=\"section\" data-settings=\"{&quot;background_background&quot;:&quot;classic&quot;}\">\n\t\t\t\t\t\t<div class=\"elementor-container elementor-column-gap-default\">\n\t\t\t\t\t\t\t<div class=\"elementor-row\">\n\t\t\t\t\t<div class=\"elementor-column elementor-col-100 elementor-top-column elementor-element elementor-element-e14ff2a\" data-id=\"e14ff2a\" data-element_type=\"column\">\n\t\t\t<div class=\"elementor-column-wrap elementor-element-populated\">\n\t\t\t\t\t\t\t<div class=\"elementor-widget-wrap\">\n\t\t\t\t\t\t<div class=\"elementor-element elementor-element-0519957 elementor-widget elementor-widget-image\" data-id=\"0519957\" data-element_type=\"widget\" data-widget_type=\"image.default\">\n\t\t\t\t<div class=\"elementor-widget-container\">\n\t\t\t\t\t\t\t\t<div class=\"elementor-image\">\n\t\t\t\t\t\t\t\t\t\t\t\t<img width=\"1280\" height=\"853\" src=\"https:\/\/fabiogonzalezproductions.com\/wp-content\/uploads\/2021\/08\/22.jpeg\" class=\"attachment-full size-full\" alt=\"\" loading=\"lazy\" srcset=\"https:\/\/fabiogonzalezproductions.com\/wp-content\/uploads\/2021\/08\/22.jpeg 1280w, https:\/\/fabiogonzalezproductions.com\/wp-content\/uploads\/2021\/08\/22-300x200.jpeg 300w, https:\/\/fabiogonzalezproductions.com\/wp-content\/uploads\/2021\/08\/22-1024x682.jpeg 1024w, https:\/\/fabiogonzalezproductions.com\/wp-content\/uploads\/2021\/08\/22-768x512.jpeg 768w, https:\/\/fabiogonzalezproductions.com\/wp-content\/uploads\/2021\/08\/22-16x12.jpeg 16w\" sizes=\"(max-width: 1280px) 100vw, 1280px\" \/>\t\t\t\t\t\t\t\t\t\t\t\t\t\t<\/div>\n\t\t\t\t\t\t<\/div>\n\t\t\t\t<\/div>\n\t\t\t\t\t\t<\/div>\n\t\t\t\t\t<\/div>\n\t\t<\/div>\n\t\t\t\t\t\t\t\t<\/div>\n\t\t\t\t\t<\/div>\n\t\t<\/section>\n\t\t\t\t<section class=\"elementor-section elementor-top-section elementor-element elementor-element-496a7ce elementor-section-boxed elementor-section-height-default elementor-section-height-default\" data-id=\"496a7ce\" data-element_type=\"section\" data-settings=\"{&quot;background_background&quot;:&quot;classic&quot;}\">\n\t\t\t\t\t\t<div class=\"elementor-container elementor-column-gap-default\">\n\t\t\t\t\t\t\t<div class=\"elementor-row\">\n\t\t\t\t\t<div class=\"elementor-column elementor-col-33 elementor-top-column elementor-element elementor-element-8d2afa3\" data-id=\"8d2afa3\" data-element_type=\"column\">\n\t\t\t<div class=\"elementor-column-wrap elementor-element-populated\">\n\t\t\t\t\t\t\t<div class=\"elementor-widget-wrap\">\n\t\t\t\t\t\t<div class=\"elementor-element elementor-element-d19bc5b elementor-widget elementor-widget-text-editor\" data-id=\"d19bc5b\" data-element_type=\"widget\" data-widget_type=\"text-editor.default\">\n\t\t\t\t<div class=\"elementor-widget-container\">\n\t\t\t<style>.elementor-element-d19bc5b{display:none !important}<\/style>\t\t<\/div>\n\t\t\t\t<\/div>\n\t\t\t\t<div class=\"elementor-element elementor-element-4b08be5 elementor-widget elementor-widget-text-editor\" data-id=\"4b08be5\" data-element_type=\"widget\" data-widget_type=\"text-editor.default\">\n\t\t\t\t<div class=\"elementor-widget-container\">\n\t\t\t\t\t\t\t\t<div class=\"elementor-text-editor elementor-clearfix\">\n\t\t\t\t<ul><li>Alquiler de cabina de selfies de 4 horas<\/li><li>Im\u00e1genes ilimitadas<\/li><li>1 asistente de cabina profesional<\/li><li>Elecci\u00f3n de m\u00e1s de 10 fondos de lentejuelas corgeous<\/li><li>Dise\u00f1o de impresi\u00f3n personalizado 4 \u00d7 6<\/li><li>Colecci\u00f3n Delux Prop<br \/>Galer\u00eda en l\u00ednea al d\u00eda siguiente<\/li><li>Entrega, configuraci\u00f3n y desglose<\/li><\/ul>\t\t\t\t\t<\/div>\n\t\t\t\t\t\t<\/div>\n\t\t\t\t<\/div>\n\t\t\t\t\t\t<\/div>\n\t\t\t\t\t<\/div>\n\t\t<\/div>\n\t\t\t\t<div class=\"elementor-column elementor-col-33 elementor-top-column elementor-element elementor-element-b26540c\" data-id=\"b26540c\" data-element_type=\"column\">\n\t\t\t<div class=\"elementor-column-wrap elementor-element-populated\">\n\t\t\t\t\t\t\t<div class=\"elementor-widget-wrap\">\n\t\t\t\t\t\t<div class=\"elementor-element elementor-element-e5d0938 elementor-widget elementor-widget-image\" data-id=\"e5d0938\" data-element_type=\"widget\" data-widget_type=\"image.default\">\n\t\t\t\t<div class=\"elementor-widget-container\">\n\t\t\t\t\t\t\t\t<div class=\"elementor-image\">\n\t\t\t\t\t\t\t\t\t\t\t\t<img width=\"300\" height=\"900\" src=\"https:\/\/fabiogonzalezproductions.com\/wp-content\/uploads\/2021\/08\/25_p.jpg\" class=\"attachment-full size-full\" alt=\"\" loading=\"lazy\" srcset=\"https:\/\/fabiogonzalezproductions.com\/wp-content\/uploads\/2021\/08\/25_p.jpg 300w, https:\/\/fabiogonzalezproductions.com\/wp-content\/uploads\/2021\/08\/25_p-100x300.jpg 100w, https:\/\/fabiogonzalezproductions.com\/wp-content\/uploads\/2021\/08\/25_p-4x12.jpg 4w\" sizes=\"(max-width: 300px) 100vw, 300px\" \/>\t\t\t\t\t\t\t\t\t\t\t\t\t\t<\/div>\n\t\t\t\t\t\t<\/div>\n\t\t\t\t<\/div>\n\t\t\t\t\t\t<\/div>\n\t\t\t\t\t<\/div>\n\t\t<\/div>\n\t\t\t\t<div class=\"elementor-column elementor-col-33 elementor-top-column elementor-element elementor-element-7f3f7f6\" data-id=\"7f3f7f6\" data-element_type=\"column\">\n\t\t\t<div class=\"elementor-column-wrap elementor-element-populated\">\n\t\t\t\t\t\t\t<div class=\"elementor-widget-wrap\">\n\t\t\t\t\t\t<div class=\"elementor-element elementor-element-f5062e7 elementor-widget elementor-widget-image\" data-id=\"f5062e7\" data-element_type=\"widget\" data-widget_type=\"image.default\">\n\t\t\t\t<div class=\"elementor-widget-container\">\n\t\t\t\t\t\t\t\t<div class=\"elementor-image\">\n\t\t\t\t\t\t\t\t\t\t\t\t<img width=\"300\" height=\"900\" src=\"https:\/\/fabiogonzalezproductions.com\/wp-content\/uploads\/2021\/08\/25.jpg\" class=\"attachment-full size-full\" alt=\"\" loading=\"lazy\" srcset=\"https:\/\/fabiogonzalezproductions.com\/wp-content\/uploads\/2021\/08\/25.jpg 300w, https:\/\/fabiogonzalezproductions.com\/wp-content\/uploads\/2021\/08\/25-100x300.jpg 100w, https:\/\/fabiogonzalezproductions.com\/wp-content\/uploads\/2021\/08\/25-4x12.jpg 4w\" sizes=\"(max-width: 300px) 100vw, 300px\" \/>\t\t\t\t\t\t\t\t\t\t\t\t\t\t<\/div>\n\t\t\t\t\t\t<\/div>\n\t\t\t\t<\/div>\n\t\t\t\t\t\t<\/div>\n\t\t\t\t\t<\/div>\n\t\t<\/div>\n\t\t\t\t\t\t\t\t<\/div>\n\t\t\t\t\t<\/div>\n\t\t<\/section>\n\t\t\t\t<section class=\"elementor-section elementor-top-section elementor-element elementor-element-a51880f elementor-section-boxed elementor-section-height-default elementor-section-height-default\" data-id=\"a51880f\" data-element_type=\"section\" data-settings=\"{&quot;background_background&quot;:&quot;classic&quot;}\">\n\t\t\t\t\t\t<div class=\"elementor-container elementor-column-gap-default\">\n\t\t\t\t\t\t\t<div class=\"elementor-row\">\n\t\t\t\t\t<div class=\"elementor-column elementor-col-100 elementor-top-column elementor-element elementor-element-bbbb1ef\" data-id=\"bbbb1ef\" data-element_type=\"column\">\n\t\t\t<div class=\"elementor-column-wrap elementor-element-populated\">\n\t\t\t\t\t\t\t<div class=\"elementor-widget-wrap\">\n\t\t\t\t\t\t<div class=\"elementor-element elementor-element-35fb8c2 elementor-widget elementor-widget-heading\" data-id=\"35fb8c2\" data-element_type=\"widget\" data-widget_type=\"heading.default\">\n\t\t\t\t<div class=\"elementor-widget-container\">\n\t\t\t<h2 class=\"elementor-heading-title elementor-size-default\">Videos y Fotos Profesionales<\/h2>\t\t<\/div>\n\t\t\t\t<\/div>\n\t\t\t\t<div class=\"elementor-element elementor-element-af1b322 elementor-widget elementor-widget-heading\" data-id=\"af1b322\" data-element_type=\"widget\" data-widget_type=\"heading.default\">\n\t\t\t\t<div class=\"elementor-widget-container\">\n\t\t\t<h2 class=\"elementor-heading-title elementor-size-default\">Llama Ya. 631 383 7402<\/h2>\t\t<\/div>\n\t\t\t\t<\/div>\n\t\t\t\t\t\t<\/div>\n\t\t\t\t\t<\/div>\n\t\t<\/div>\n\t\t\t\t\t\t\t\t<\/div>\n\t\t\t\t\t<\/div>\n\t\t<\/section>\n\t\t\t\t\t\t<\/div>\n\t\t\t\t\t\t<\/div>\n\t\t\t\t\t<\/div>","protected":false},"excerpt":{"rendered":"<p>Photo Booth 4 Hour Selfie Booth Rental Unlimited Pictures 1 Professional Booth Attendant Choice of 10+ Corgeous sequin Backdrops Custom 4\u00d76 Print Design Delux Prop Collection Online Gallery Next Day Delivery, setup &amp; breakdown Alquiler de cabina de selfies de 4 horas Im\u00e1genes ilimitadas 1 asistente de cabina profesional Elecci\u00f3n de m\u00e1s de 10 fondos [&hellip;]<\/p>","protected":false},"author":1,"featured_media":0,"parent":0,"menu_order":0,"comment_status":"closed","ping_status":"closed","template":"elementor_header_footer","meta":{"_coblocks_attr":"","_coblocks_dimensions":"","_coblocks_responsive_height":"","_coblocks_accordion_ie_support":""},"_links":{"self":[{"href":"https:\/\/fabiogonzalezproductions.com\/es\/wp-json\/wp\/v2\/pages\/249"}],"collection":[{"href":"https:\/\/fabiogonzalezproductions.com\/es\/wp-json\/wp\/v2\/pages"}],"about":[{"href":"https:\/\/fabiogonzalezproductions.com\/es\/wp-json\/wp\/v2\/types\/page"}],"author":[{"embeddable":true,"href":"https:\/\/fabiogonzalezproductions.com\/es\/wp-json\/wp\/v2\/users\/1"}],"replies":[{"embeddable":true,"href":"https:\/\/fabiogonzalezproductions.com\/es\/wp-json\/wp\/v2\/comments?post=249"}],"version-history":[{"count":33,"href":"https:\/\/fabiogonzalezproductions.com\/es\/wp-json\/wp\/v2\/pages\/249\/revisions"}],"predecessor-version":[{"id":3201,"href":"https:\/\/fabiogonzalezproductions.com\/es\/wp-json\/wp\/v2\/pages\/249\/revisions\/3201"}],"wp:attachment":[{"href":"https:\/\/fabiogonzalezproductions.com\/es\/wp-json\/wp\/v2\/media?parent=249"}],"curies":[{"name":"wp","href":"https:\/\/api.w.org\/{rel}","templated":true}]}}